{"id":15735,"date":"2024-09-23T16:45:20","date_gmt":"2024-09-23T13:45:20","guid":{"rendered":"https:\/\/disan.com.tr\/?page_id=15735"},"modified":"2025-07-14T16:05:13","modified_gmt":"2025-07-14T13:05:13","slug":"offer-request-form","status":"publish","type":"page","link":"https:\/\/disan.com.tr\/en\/offer-request-form\/","title":{"rendered":"Offer \/ Request Form"},"content":{"rendered":"\t\t<div data-elementor-type=\"wp-page\" data-elementor-id=\"15735\" class=\"elementor elementor-15735\" data-elementor-post-type=\"page\">\n\t\t\t\t\t\t<section class=\"elementor-section elementor-top-section elementor-element elementor-element-48168b7c elementor-section-full_width elementor-section-height-default elementor-section-height-default\" data-id=\"48168b7c\" data-element_type=\"section\">\n\t\t\t\t\t\t<div class=\"elementor-container elementor-column-gap-default\">\n\t\t\t\t\t<div class=\"elementor-column elementor-col-100 elementor-top-column elementor-element elementor-element-4e5ba6cc\" data-id=\"4e5ba6cc\" data-element_type=\"column\" data-settings=\"{&quot;background_background&quot;:&quot;classic&quot;}\">\n\t\t\t<div class=\"elementor-widget-wrap elementor-element-populated\">\n\t\t\t\t\t\t<div class=\"elementor-element elementor-element-434a3318 elementor-widget elementor-widget-hub_fancy_heading\" data-id=\"434a3318\" data-element_type=\"widget\" data-widget_type=\"hub_fancy_heading.default\">\n\t\t\t\t<div class=\"elementor-widget-container\">\n\t\t\t\n\t\t<div id=\"ld-fancy-heading-69f338f13dcd7\" class=\"ld-fancy-heading pos-rel\">\n\t\t\t\t\t<\/div>\n\n\t\t\t\t<\/div>\n\t\t\t\t<\/div>\n\t\t\t\t\t<\/div>\n\t\t<\/div>\n\t\t\t\t\t<\/div>\n\t\t<\/section>\n\t\t\t\t<section class=\"elementor-section elementor-top-section elementor-element elementor-element-5cfa6cf7 elementor-section-boxed elementor-section-height-default elementor-section-height-default\" data-id=\"5cfa6cf7\" data-element_type=\"section\">\n\t\t\t\t\t\t<div class=\"elementor-container elementor-column-gap-default\">\n\t\t\t\t\t<div class=\"elementor-column elementor-col-100 elementor-top-column elementor-element elementor-element-5563d295\" data-id=\"5563d295\" data-element_type=\"column\">\n\t\t\t<div class=\"elementor-widget-wrap elementor-element-populated\">\n\t\t\t\t\t\t<div class=\"elementor-element elementor-element-5b032661 elementor-widget elementor-widget-wpforms\" data-id=\"5b032661\" data-element_type=\"widget\" data-widget_type=\"wpforms.default\">\n\t\t\t\t<div class=\"elementor-widget-container\">\n\t\t\t<style id=\"wpforms-css-vars-root\">\n\t\t\t\t:root {\n\t\t\t\t\t--wpforms-field-border-radius: 3px;\n--wpforms-field-border-style: solid;\n--wpforms-field-border-size: 1px;\n--wpforms-field-background-color: #ffffff;\n--wpforms-field-border-color: rgba( 0, 0, 0, 0.25 );\n--wpforms-field-border-color-spare: rgba( 0, 0, 0, 0.25 );\n--wpforms-field-text-color: rgba( 0, 0, 0, 0.7 );\n--wpforms-field-menu-color: #ffffff;\n--wpforms-label-color: rgba( 0, 0, 0, 0.85 );\n--wpforms-label-sublabel-color: rgba( 0, 0, 0, 0.55 );\n--wpforms-label-error-color: #d63637;\n--wpforms-button-border-radius: 3px;\n--wpforms-button-border-style: none;\n--wpforms-button-border-size: 1px;\n--wpforms-button-background-color: #066aab;\n--wpforms-button-border-color: #066aab;\n--wpforms-button-text-color: #ffffff;\n--wpforms-page-break-color: #066aab;\n--wpforms-background-image: none;\n--wpforms-background-position: center center;\n--wpforms-background-repeat: no-repeat;\n--wpforms-background-size: cover;\n--wpforms-background-width: 100px;\n--wpforms-background-height: 100px;\n--wpforms-background-color: rgba( 0, 0, 0, 0 );\n--wpforms-background-url: none;\n--wpforms-container-padding: 0px;\n--wpforms-container-border-style: none;\n--wpforms-container-border-width: 1px;\n--wpforms-container-border-color: #000000;\n--wpforms-container-border-radius: 3px;\n--wpforms-field-size-input-height: 43px;\n--wpforms-field-size-input-spacing: 15px;\n--wpforms-field-size-font-size: 16px;\n--wpforms-field-size-line-height: 19px;\n--wpforms-field-size-padding-h: 14px;\n--wpforms-field-size-checkbox-size: 16px;\n--wpforms-field-size-sublabel-spacing: 5px;\n--wpforms-field-size-icon-size: 1;\n--wpforms-label-size-font-size: 16px;\n--wpforms-label-size-line-height: 19px;\n--wpforms-label-size-sublabel-font-size: 14px;\n--wpforms-label-size-sublabel-line-height: 17px;\n--wpforms-button-size-font-size: 17px;\n--wpforms-button-size-height: 41px;\n--wpforms-button-size-padding-h: 15px;\n--wpforms-button-size-margin-top: 10px;\n--wpforms-container-shadow-size-box-shadow: none;\n\n\t\t\t\t}\n\t\t\t<\/style><style id=\"wpforms-css-vars-elementor-widget-5b032661\">\n\t\t\t\t.elementor-widget-wpforms.elementor-element-5b032661 {\n\t\t\t\t\t--wpforms-button-background-color: #007577;\n--wpforms-field-size-input-height: 43px;\n--wpforms-field-size-input-spacing: 15px;\n--wpforms-field-size-font-size: 16px;\n--wpforms-field-size-line-height: 19px;\n--wpforms-field-size-padding-h: 14px;\n--wpforms-field-size-checkbox-size: 16px;\n--wpforms-field-size-sublabel-spacing: 5px;\n--wpforms-field-size-icon-size: 1;\n--wpforms-label-size-font-size: 16px;\n--wpforms-label-size-line-height: 19px;\n--wpforms-label-size-sublabel-font-size: 14px;\n--wpforms-label-size-sublabel-line-height: 17px;\n--wpforms-button-size-font-size: 20px;\n--wpforms-button-size-height: 48px;\n--wpforms-button-size-padding-h: 20px;\n--wpforms-button-size-margin-top: 15px;\n\n\t\t\t\t}\n\t\t\t<\/style><div class=\"wpforms-container wpforms-container-full wpforms-render-modern\" id=\"wpforms-16330\"><form id=\"wpforms-form-16330\" class=\"wpforms-validate wpforms-form wpforms-ajax-form\" data-formid=\"16330\" method=\"post\" enctype=\"multipart\/form-data\" action=\"\/en\/wp-json\/wp\/v2\/pages\/15735\" data-token=\"088790f9c819972914fe6cbb63fb106b\" data-token-time=\"1777547505\"><noscript class=\"wpforms-error-noscript\">Please enable JavaScript in your browser to complete this form.<\/noscript><div class=\"wpforms-hidden\" id=\"wpforms-error-noscript\">Please enable JavaScript in your browser to complete this form.<\/div><div class=\"wpforms-field-container\"><div id=\"wpforms-16330-field_7-container\" class=\"wpforms-field wpforms-field-select wpforms-field-select-style-modern\" data-field-id=\"7\"><label class=\"wpforms-field-label\" for=\"wpforms-16330-field_7\">Subject of Request <span class=\"wpforms-required-label\" aria-hidden=\"true\">*<\/span><\/label><select id=\"wpforms-16330-field_7\" class=\"wpforms-field-large wpforms-field-required choicesjs-select\" data-size-class=\"wpforms-field-row wpforms-field-large\" data-search-enabled=\"\" name=\"wpforms[fields][7]\" required=\"required\"><option value=\"\" class=\"placeholder\" disabled  selected='selected'>Service and Maintenance<\/option><option value=\"Service and Maintenance\" >Service and Maintenance<\/option><option value=\"System Solutions\" >System Solutions<\/option><option value=\"Shredder\" >Shredder<\/option><option value=\"Career\" >Career<\/option><option value=\"Other\" >Other<\/option><\/select><\/div><div id=\"wpforms-16330-field_8-container\" class=\"wpforms-field wpforms-field-select wpforms-field-select-style-modern\" data-field-id=\"8\"><label class=\"wpforms-field-label\" for=\"wpforms-16330-field_8\">Products <span class=\"wpforms-required-label\" aria-hidden=\"true\">*<\/span><\/label><select id=\"wpforms-16330-field_8\" class=\"wpforms-field-large wpforms-field-required choicesjs-select\" data-size-class=\"wpforms-field-row wpforms-field-large\" data-search-enabled=\"1\" name=\"wpforms[fields][8]\" required=\"required\"><option value=\"\" class=\"placeholder\" disabled  selected='selected'>Packaging Waste Sorting Facilities - (Automatic Sorting Facilities)<\/option><option value=\"Packaging Waste Sorting Facilities - (Automatic Sorting Facilities)\" >Packaging Waste Sorting Facilities - (Automatic Sorting Facilities)<\/option><option value=\"Solid Waste Separation Facility - (Automatic Sorting Facilities)\" >Solid Waste Separation Facility - (Automatic Sorting Facilities)<\/option><option value=\"Pet Sorting Facility - (Automatic Sorting Facilities)\" >Pet Sorting Facility - (Automatic Sorting Facilities)<\/option><option value=\"Paper Sorting Facility - (Automatic Sorting Facilities)\" >Paper Sorting Facility - (Automatic Sorting Facilities)<\/option><option value=\"Mixed Plastic Sorting Facility - (Automatic Sorting Facilities)\" >Mixed Plastic Sorting Facility - (Automatic Sorting Facilities)<\/option><option value=\"Nylon Film (LDPE) Sorting Plant - (Automatic Sorting Plants)\" >Nylon Film (LDPE) Sorting Plant - (Automatic Sorting Plants)<\/option><option value=\"Glass Sorting Facility - (Automatic Sorting Facilities)\" >Glass Sorting Facility - (Automatic Sorting Facilities)<\/option><option value=\"Pulper Waste Sorting Facility - (Automatic Sorting Facilities)\" >Pulper Waste Sorting Facility - (Automatic Sorting Facilities)<\/option><option value=\"Solid Waste Separation Plant - (Semi-Automatic Sorting Plants)\" >Solid Waste Separation Plant - (Semi-Automatic Sorting Plants)<\/option><option value=\"Paper Sorting Facility - (Semi-Automatic Sorting Facilities)\" >Paper Sorting Facility - (Semi-Automatic Sorting Facilities)<\/option><option value=\"Packaging Waste Sorting Facility - (Semi-Automatic Sorting Facilities)\" >Packaging Waste Sorting Facility - (Semi-Automatic Sorting Facilities)<\/option><option value=\"Mixed Plastic Sorting Facility - (Semi-Automatic Sorting Facilities)\" >Mixed Plastic Sorting Facility - (Semi-Automatic Sorting Facilities)<\/option><option value=\"Tire Shredding Plant - (Other Facilities)\" >Tire Shredding Plant - (Other Facilities)<\/option><option value=\"RDF Production Facility - (Other Facilities)\" >RDF Production Facility - (Other Facilities)<\/option><option value=\"Transfer Stations - (Other Facilities)\" >Transfer Stations - (Other Facilities)<\/option><option value=\"Biogas Plants - (Other Plants)\" >Biogas Plants - (Other Plants)<\/option><option value=\"Solidification Facility - (Other Facilities)\" >Solidification Facility - (Other Facilities)<\/option><option value=\"Cardboard Scrap Lines - (Other Facilities)\" >Cardboard Scrap Lines - (Other Facilities)<\/option><option value=\"DPAM \u2013 Bag Opener - (Sorting Equipment)\" >DPAM \u2013 Bag Opener - (Sorting Equipment)<\/option><option value=\"DPAM \u2013 Bag Opener - (Sorting Equipment)\" >DPAM \u2013 Bag Opener - (Sorting Equipment)<\/option><option value=\"DBAY \u2013 Bale Opener - (Sorting Equipment)\" >DBAY \u2013 Bale Opener - (Sorting Equipment)<\/option><option value=\"DT \u2013 Rotary Screen - (Sorting Equipment)\" >DT \u2013 Rotary Screen - (Sorting Equipment)<\/option><option value=\"DBS \u2013 Ballistic Separator - (Sorting Equipment)\" >DBS \u2013 Ballistic Separator - (Sorting Equipment)<\/option><option value=\"DPE \u2013 Finger Sieve - (Sorting Equipment)\" >DPE \u2013 Finger Sieve - (Sorting Equipment)<\/option><option value=\"DDE \u2013 Disc Sieve - (Sorting Equipment)\" >DDE \u2013 Disc Sieve - (Sorting Equipment)<\/option><option value=\"DYE \u2013 Star Sieve - (Sorting Equipment)\" >DYE \u2013 Star Sieve - (Sorting Equipment)<\/option><option value=\"DPS \u2013 Polishing Screen - (Sorting Equipment)\" >DPS \u2013 Polishing Screen - (Sorting Equipment)<\/option><option value=\"DFFS \u2013 Flip Flop Screen - (Sorting Equipment)\" >DFFS \u2013 Flip Flop Screen - (Sorting Equipment)<\/option><option value=\"DHA \u2013 Air Separator - (Sorting Equipment)\" >DHA \u2013 Air Separator - (Sorting Equipment)<\/option><option value=\"DKBP \u2013 Bale Press - (Sorting Equipment)\" >DKBP \u2013 Bale Press - (Sorting Equipment)<\/option><option value=\"DPP \u2013 Pet Bursting - (Sorting Equipment)\" >DPP \u2013 Pet Bursting - (Sorting Equipment)<\/option><option value=\"DKR \u2013 Roller Conveyor - (Conveying Equipment)\" >DKR \u2013 Roller Conveyor - (Conveying Equipment)<\/option><option value=\"DKZ \u2013 Chain Conveyor - (Conveying Equipment)\" >DKZ \u2013 Chain Conveyor - (Conveying Equipment)<\/option><option value=\"DKS \u2013 Sheet Metal Sliding Conveyor - (Conveying Equipment)\" >DKS \u2013 Sheet Metal Sliding Conveyor - (Conveying Equipment)<\/option><option value=\"DYT \u2013 Walking Base - (Transport Equipment)\" >DYT \u2013 Walking Base - (Transport Equipment)<\/option><option value=\"DOK \u2013 Optical Sorting Conveyor - (Conveying Equipment)\" >DOK \u2013 Optical Sorting Conveyor - (Conveying Equipment)<\/option><option value=\"DSS \u2013 Sweeping System - (Transport Equipment)\" >DSS \u2013 Sweeping System - (Transport Equipment)<\/option><option value=\"DKH \u2013 Screw Conveyors - (Transport Equipment)\" >DKH \u2013 Screw Conveyors - (Transport Equipment)<\/option><option value=\"DKP \u2013 Container Press - (Other Equipment)\" >DKP \u2013 Container Press - (Other Equipment)<\/option><option value=\"DSHV \u2013 Stationary Scrap Crane - (Other Equipment)\" >DSHV \u2013 Stationary Scrap Crane - (Other Equipment)<\/option><option value=\"DRS \u2013 Rotary separator - (Other Equipment)\" >DRS \u2013 Rotary separator - (Other Equipment)<\/option><option value=\"DTF \u2013 Dust filter - (Other Equipment)\" >DTF \u2013 Dust filter - (Other Equipment)<\/option><option value=\"DKV \u2013 Hook Crane - (Other Equipment)\" >DKV \u2013 Hook Crane - (Other Equipment)<\/option><option value=\"DPM \u2013 Paper Shredding Machine - (Other Equipment)\" >DPM \u2013 Paper Shredding Machine - (Other Equipment)<\/option><option value=\"DS3R \u2013 3 Rotor Shredder - (Other Equipment)\" >DS3R \u2013 3 Rotor Shredder - (Other Equipment)<\/option><\/select><\/div><div id=\"wpforms-16330-field_9-container\" class=\"wpforms-field wpforms-field-textarea\" data-field-id=\"9\"><label class=\"wpforms-field-label\" for=\"wpforms-16330-field_9\">Message <span class=\"wpforms-required-label\" aria-hidden=\"true\">*<\/span><\/label><textarea id=\"wpforms-16330-field_9\" class=\"wpforms-field-medium wpforms-field-required\" name=\"wpforms[fields][9]\" aria-errormessage=\"wpforms-16330-field_9-error\" required><\/textarea><\/div><div id=\"wpforms-16330-field_5-container\" class=\"wpforms-field wpforms-field-name\" data-field-id=\"5\"><label class=\"wpforms-field-label\" for=\"wpforms-16330-field_5\">Name and Surname <span class=\"wpforms-required-label\" aria-hidden=\"true\">*<\/span><\/label><input type=\"text\" id=\"wpforms-16330-field_5\" class=\"wpforms-field-large wpforms-field-required\" name=\"wpforms[fields][5]\" aria-errormessage=\"wpforms-16330-field_5-error\" required><\/div><div id=\"wpforms-16330-field_6-container\" class=\"wpforms-field wpforms-field-email\" data-field-id=\"6\"><label class=\"wpforms-field-label\" for=\"wpforms-16330-field_6\">Email <span class=\"wpforms-required-label\" aria-hidden=\"true\">*<\/span><\/label><input type=\"email\" id=\"wpforms-16330-field_6\" class=\"wpforms-field-large wpforms-field-required\" name=\"wpforms[fields][6]\" spellcheck=\"false\" aria-errormessage=\"wpforms-16330-field_6-error\" required><\/div><\/div><!-- .wpforms-field-container --><div class=\"wpforms-submit-container\" ><input type=\"hidden\" name=\"wpforms[id]\" value=\"16330\"><input type=\"hidden\" name=\"page_title\" value=\"\"><input type=\"hidden\" name=\"page_url\" value=\"https:\/\/disan.com.tr\/en\/wp-json\/wp\/v2\/pages\/15735\"><button type=\"submit\" name=\"wpforms[submit]\" id=\"wpforms-submit-16330\" class=\"wpforms-submit\" data-alt-text=\"Sending...\" data-submit-text=\"Send\" aria-live=\"assertive\" value=\"wpforms-submit\">Send<\/button><img decoding=\"async\" src=\"https:\/\/disan.com.tr\/wp-content\/plugins\/wpforms\/assets\/images\/submit-spin.svg\" class=\"wpforms-submit-spinner\" style=\"display: none;\" width=\"26\" height=\"26\" alt=\"Loading\"><\/div><\/form><\/div>  <!-- .wpforms-container -->\t\t<\/div>\n\t\t\t\t<\/div>\n\t\t\t\t\t<\/div>\n\t\t<\/div>\n\t\t\t\t\t<\/div>\n\t\t<\/section>\n\t\t\t\t<\/div>\n\t\t","protected":false},"excerpt":{"rendered":"<p>Bu formu bitirebilmek i\u00e7in taray\u0131c\u0131n\u0131zda JavaScript&#039;i etkinle\u015ftirin.Bu formu bitirebilmek i\u00e7in taray\u0131c\u0131n\u0131zda JavaScript&#039;i etkinle\u015ftirin.Subject of Request *Service and MaintenanceService and MaintenanceSystem SolutionsShredderCareerOtherProducts *Packaging Waste Sorting Facilities &#8211; (Automatic Sorting Facilities)Packaging Waste Sorting Facilities &#8211; (Automatic Sorting Facilities)Solid Waste Separation Facility &#8211; (Automatic Sorting Facilities)Pet Sorting Facility &#8211; (Automatic Sorting Facilities)Paper Sorting Facility &#8211; (Automatic Sorting Facilities)Mixed [&hellip;]<\/p>\n","protected":false},"author":1,"featured_media":0,"parent":0,"menu_order":0,"comment_status":"closed","ping_status":"closed","template":"","meta":{"_acf_changed":false,"footnotes":""},"class_list":["post-15735","page","type-page","status-publish","hentry"],"acf":[],"_links":{"self":[{"href":"https:\/\/disan.com.tr\/en\/wp-json\/wp\/v2\/pages\/15735","targetHints":{"allow":["GET"]}}],"collection":[{"href":"https:\/\/disan.com.tr\/en\/wp-json\/wp\/v2\/pages"}],"about":[{"href":"https:\/\/disan.com.tr\/en\/wp-json\/wp\/v2\/types\/page"}],"author":[{"embeddable":true,"href":"https:\/\/disan.com.tr\/en\/wp-json\/wp\/v2\/users\/1"}],"replies":[{"embeddable":true,"href":"https:\/\/disan.com.tr\/en\/wp-json\/wp\/v2\/comments?post=15735"}],"version-history":[{"count":8,"href":"https:\/\/disan.com.tr\/en\/wp-json\/wp\/v2\/pages\/15735\/revisions"}],"predecessor-version":[{"id":16341,"href":"https:\/\/disan.com.tr\/en\/wp-json\/wp\/v2\/pages\/15735\/revisions\/16341"}],"wp:attachment":[{"href":"https:\/\/disan.com.tr\/en\/wp-json\/wp\/v2\/media?parent=15735"}],"curies":[{"name":"wp","href":"https:\/\/api.w.org\/{rel}","templated":true}]}}